{"id":333,"date":"2020-06-09T19:34:34","date_gmt":"2020-06-09T19:34:34","guid":{"rendered":"http:\/\/bedandbreakfastdekemahuis.nl\/?page_id=333"},"modified":"2020-07-07T19:33:37","modified_gmt":"2020-07-07T19:33:37","slug":"richtungen","status":"publish","type":"page","link":"https:\/\/bedandbreakfastdekemahuis.nl\/?page_id=333&lang=de","title":{"rendered":"Richtungen &#038; Parkpl\u00e4tze"},"content":{"rendered":"\n<figure><iframe loading=\"lazy\" src=\"https:\/\/www.google.com\/maps\/embed?pb=!1m18!1m12!1m3!1d2390.7812841814734!2d5.5422756158324145!3d53.18590317994567!2m3!1f0!2f0!3f0!3m2!1i1024!2i768!4f13.1!3m3!1m2!1s0x0%3A0x4c13dbee5e56b26a!2sBed%20and%20Breakfast%20Dekemahuis!5e0!3m2!1snl!2snl!4v1591023929646!5m2!1snl!2snl\" width=\"600\" height=\"450\" allowfullscreen=\"\"><\/iframe><\/figure>\n\n\n\n<p>Parkpl\u00e4tze stehen an der Martinikerk, der Voorstraat oder der Zuiderkade zur Verf\u00fcgung. Es ist nach 18 Uhr (freitagabends nach 21 Uhr) und bis 10 Uhr kostenlos. Tags\u00fcber gegen eine geringe Geb\u00fchr und eine maximale Parkzeit von 2 Stunden. <br><br>Bei Albert Heijn Franeker am Leeuwarderweg k\u00f6nnen Sie den ganzen Tag kostenlos parken.<\/p>\n","protected":false},"excerpt":{"rendered":"<p>Parkpl\u00e4tze stehen an der Martinikerk, der Voorstraat oder der Zuiderkade zur Verf\u00fcgung. Es ist nach 18 Uhr (freitagabends nach 21 Uhr) und bis 10 Uhr kostenlos. Tags\u00fcber gegen eine geringe Geb\u00fchr und eine maximale Parkzeit von 2 Stunden. Bei Albert Heijn Franeker am Leeuwarderweg k\u00f6nnen Sie den ganzen Tag kostenlos parken.<\/p>\n","protected":false},"author":1,"featured_media":0,"parent":0,"menu_order":6,"comment_status":"closed","ping_status":"closed","template":"","meta":{"footnotes":""},"class_list":["post-333","page","type-page","status-publish","hentry"],"yoast_head":"<!-- This site is optimized with the Yoast SEO plugin v27.5 - https:\/\/yoast.com\/product\/yoast-seo-wordpress\/ -->\n<title>Richtungen &amp; Parkpl\u00e4tze - Bed and Breakfast Dekemahuis<\/title>\n<meta name=\"robots\" content=\"index, follow, max-snippet:-1, max-image-preview:large, max-video-preview:-1\" \/>\n<link rel=\"canonical\" href=\"https:\/\/bedandbreakfastdekemahuis.nl\/?page_id=333&lang=de\" \/>\n<meta property=\"og:locale\" content=\"nl_NL\" \/>\n<meta property=\"og:type\" content=\"article\" \/>\n<meta property=\"og:title\" content=\"Richtungen &amp; Parkpl\u00e4tze - Bed and Breakfast Dekemahuis\" \/>\n<meta property=\"og:description\" content=\"Parkpl\u00e4tze stehen an der Martinikerk, der Voorstraat oder der Zuiderkade zur Verf\u00fcgung. Es ist nach 18 Uhr (freitagabends nach 21 Uhr) und bis 10 Uhr kostenlos. Tags\u00fcber gegen eine geringe Geb\u00fchr und eine maximale Parkzeit von 2 Stunden. Bei Albert Heijn Franeker am Leeuwarderweg k\u00f6nnen Sie den ganzen Tag kostenlos parken.\" \/>\n<meta property=\"og:url\" content=\"https:\/\/bedandbreakfastdekemahuis.nl\/?page_id=333&amp;lang=de\" \/>\n<meta property=\"og:site_name\" content=\"Bed and Breakfast Dekemahuis\" \/>\n<meta property=\"article:publisher\" content=\"https:\/\/www.facebook.com\/Bed-and-Breakfast-Dekemahuis-100113801740109\/?ref=nf&amp;amp%3bamp%3bamp%3bhc_ref=ARRSiNTYTanH7JfdS9gjyJaWbj_YzmxISSiUXAHn684rWyem9xiow0GBEohp1vGiymQ\" \/>\n<meta property=\"article:modified_time\" content=\"2020-07-07T19:33:37+00:00\" \/>\n<meta name=\"twitter:card\" content=\"summary_large_image\" \/>\n<script type=\"application\/ld+json\" class=\"yoast-schema-graph\">{\"@context\":\"https:\\\/\\\/schema.org\",\"@graph\":[{\"@type\":\"WebPage\",\"@id\":\"https:\\\/\\\/bedandbreakfastdekemahuis.nl\\\/?page_id=333&lang=de\",\"url\":\"https:\\\/\\\/bedandbreakfastdekemahuis.nl\\\/?page_id=333&lang=de\",\"name\":\"Richtungen & Parkpl\u00e4tze - Bed and Breakfast Dekemahuis\",\"isPartOf\":{\"@id\":\"https:\\\/\\\/bedandbreakfastdekemahuis.nl\\\/#website\"},\"datePublished\":\"2020-06-09T19:34:34+00:00\",\"dateModified\":\"2020-07-07T19:33:37+00:00\",\"breadcrumb\":{\"@id\":\"https:\\\/\\\/bedandbreakfastdekemahuis.nl\\\/?page_id=333&lang=de#breadcrumb\"},\"inLanguage\":\"nl-NL\",\"potentialAction\":[{\"@type\":\"ReadAction\",\"target\":[\"https:\\\/\\\/bedandbreakfastdekemahuis.nl\\\/?page_id=333&lang=de\"]}]},{\"@type\":\"BreadcrumbList\",\"@id\":\"https:\\\/\\\/bedandbreakfastdekemahuis.nl\\\/?page_id=333&lang=de#breadcrumb\",\"itemListElement\":[{\"@type\":\"ListItem\",\"position\":1,\"name\":\"Home\",\"item\":\"https:\\\/\\\/bedandbreakfastdekemahuis.nl\\\/\"},{\"@type\":\"ListItem\",\"position\":2,\"name\":\"Richtungen &#038; Parkpl\u00e4tze\"}]},{\"@type\":\"WebSite\",\"@id\":\"https:\\\/\\\/bedandbreakfastdekemahuis.nl\\\/#website\",\"url\":\"https:\\\/\\\/bedandbreakfastdekemahuis.nl\\\/\",\"name\":\"Bed and Breakfast Dekemahuis\",\"description\":\"Een oase in het hartje van de stad\",\"publisher\":{\"@id\":\"https:\\\/\\\/bedandbreakfastdekemahuis.nl\\\/#organization\"},\"potentialAction\":[{\"@type\":\"SearchAction\",\"target\":{\"@type\":\"EntryPoint\",\"urlTemplate\":\"https:\\\/\\\/bedandbreakfastdekemahuis.nl\\\/?s={search_term_string}\"},\"query-input\":{\"@type\":\"PropertyValueSpecification\",\"valueRequired\":true,\"valueName\":\"search_term_string\"}}],\"inLanguage\":\"nl-NL\"},{\"@type\":\"Organization\",\"@id\":\"https:\\\/\\\/bedandbreakfastdekemahuis.nl\\\/#organization\",\"name\":\"Bed And Breakfast Dekemahuis\",\"url\":\"https:\\\/\\\/bedandbreakfastdekemahuis.nl\\\/\",\"logo\":{\"@type\":\"ImageObject\",\"inLanguage\":\"nl-NL\",\"@id\":\"https:\\\/\\\/bedandbreakfastdekemahuis.nl\\\/#\\\/schema\\\/logo\\\/image\\\/\",\"url\":\"https:\\\/\\\/bedandbreakfastdekemahuis.nl\\\/wp-content\\\/uploads\\\/2020\\\/06\\\/Hero-Image.def_.zonder-adres.gif\",\"contentUrl\":\"https:\\\/\\\/bedandbreakfastdekemahuis.nl\\\/wp-content\\\/uploads\\\/2020\\\/06\\\/Hero-Image.def_.zonder-adres.gif\",\"width\":2400,\"height\":798,\"caption\":\"Bed And Breakfast Dekemahuis\"},\"image\":{\"@id\":\"https:\\\/\\\/bedandbreakfastdekemahuis.nl\\\/#\\\/schema\\\/logo\\\/image\\\/\"},\"sameAs\":[\"https:\\\/\\\/www.facebook.com\\\/Bed-and-Breakfast-Dekemahuis-100113801740109\\\/?ref=nf&amp;amp;amp;hc_ref=ARRSiNTYTanH7JfdS9gjyJaWbj_YzmxISSiUXAHn684rWyem9xiow0GBEohp1vGiymQ\"]}]}<\/script>\n<!-- \/ Yoast SEO plugin. -->","yoast_head_json":{"title":"Richtungen & Parkpl\u00e4tze - Bed and Breakfast Dekemahuis","robots":{"index":"index","follow":"follow","max-snippet":"max-snippet:-1","max-image-preview":"max-image-preview:large","max-video-preview":"max-video-preview:-1"},"canonical":"https:\/\/bedandbreakfastdekemahuis.nl\/?page_id=333&lang=de","og_locale":"nl_NL","og_type":"article","og_title":"Richtungen & Parkpl\u00e4tze - Bed and Breakfast Dekemahuis","og_description":"Parkpl\u00e4tze stehen an der Martinikerk, der Voorstraat oder der Zuiderkade zur Verf\u00fcgung. Es ist nach 18 Uhr (freitagabends nach 21 Uhr) und bis 10 Uhr kostenlos. Tags\u00fcber gegen eine geringe Geb\u00fchr und eine maximale Parkzeit von 2 Stunden. Bei Albert Heijn Franeker am Leeuwarderweg k\u00f6nnen Sie den ganzen Tag kostenlos parken.","og_url":"https:\/\/bedandbreakfastdekemahuis.nl\/?page_id=333&lang=de","og_site_name":"Bed and Breakfast Dekemahuis","article_publisher":"https:\/\/www.facebook.com\/Bed-and-Breakfast-Dekemahuis-100113801740109\/?ref=nf&amp%3bamp%3bamp%3bhc_ref=ARRSiNTYTanH7JfdS9gjyJaWbj_YzmxISSiUXAHn684rWyem9xiow0GBEohp1vGiymQ","article_modified_time":"2020-07-07T19:33:37+00:00","twitter_card":"summary_large_image","schema":{"@context":"https:\/\/schema.org","@graph":[{"@type":"WebPage","@id":"https:\/\/bedandbreakfastdekemahuis.nl\/?page_id=333&lang=de","url":"https:\/\/bedandbreakfastdekemahuis.nl\/?page_id=333&lang=de","name":"Richtungen & Parkpl\u00e4tze - Bed and Breakfast Dekemahuis","isPartOf":{"@id":"https:\/\/bedandbreakfastdekemahuis.nl\/#website"},"datePublished":"2020-06-09T19:34:34+00:00","dateModified":"2020-07-07T19:33:37+00:00","breadcrumb":{"@id":"https:\/\/bedandbreakfastdekemahuis.nl\/?page_id=333&lang=de#breadcrumb"},"inLanguage":"nl-NL","potentialAction":[{"@type":"ReadAction","target":["https:\/\/bedandbreakfastdekemahuis.nl\/?page_id=333&lang=de"]}]},{"@type":"BreadcrumbList","@id":"https:\/\/bedandbreakfastdekemahuis.nl\/?page_id=333&lang=de#breadcrumb","itemListElement":[{"@type":"ListItem","position":1,"name":"Home","item":"https:\/\/bedandbreakfastdekemahuis.nl\/"},{"@type":"ListItem","position":2,"name":"Richtungen &#038; Parkpl\u00e4tze"}]},{"@type":"WebSite","@id":"https:\/\/bedandbreakfastdekemahuis.nl\/#website","url":"https:\/\/bedandbreakfastdekemahuis.nl\/","name":"Bed and Breakfast Dekemahuis","description":"Een oase in het hartje van de stad","publisher":{"@id":"https:\/\/bedandbreakfastdekemahuis.nl\/#organization"},"potentialAction":[{"@type":"SearchAction","target":{"@type":"EntryPoint","urlTemplate":"https:\/\/bedandbreakfastdekemahuis.nl\/?s={search_term_string}"},"query-input":{"@type":"PropertyValueSpecification","valueRequired":true,"valueName":"search_term_string"}}],"inLanguage":"nl-NL"},{"@type":"Organization","@id":"https:\/\/bedandbreakfastdekemahuis.nl\/#organization","name":"Bed And Breakfast Dekemahuis","url":"https:\/\/bedandbreakfastdekemahuis.nl\/","logo":{"@type":"ImageObject","inLanguage":"nl-NL","@id":"https:\/\/bedandbreakfastdekemahuis.nl\/#\/schema\/logo\/image\/","url":"https:\/\/bedandbreakfastdekemahuis.nl\/wp-content\/uploads\/2020\/06\/Hero-Image.def_.zonder-adres.gif","contentUrl":"https:\/\/bedandbreakfastdekemahuis.nl\/wp-content\/uploads\/2020\/06\/Hero-Image.def_.zonder-adres.gif","width":2400,"height":798,"caption":"Bed And Breakfast Dekemahuis"},"image":{"@id":"https:\/\/bedandbreakfastdekemahuis.nl\/#\/schema\/logo\/image\/"},"sameAs":["https:\/\/www.facebook.com\/Bed-and-Breakfast-Dekemahuis-100113801740109\/?ref=nf&amp;amp;amp;hc_ref=ARRSiNTYTanH7JfdS9gjyJaWbj_YzmxISSiUXAHn684rWyem9xiow0GBEohp1vGiymQ"]}]}},"_links":{"self":[{"href":"https:\/\/bedandbreakfastdekemahuis.nl\/index.php?rest_route=\/wp\/v2\/pages\/333","targetHints":{"allow":["GET"]}}],"collection":[{"href":"https:\/\/bedandbreakfastdekemahuis.nl\/index.php?rest_route=\/wp\/v2\/pages"}],"about":[{"href":"https:\/\/bedandbreakfastdekemahuis.nl\/index.php?rest_route=\/wp\/v2\/types\/page"}],"author":[{"embeddable":true,"href":"https:\/\/bedandbreakfastdekemahuis.nl\/index.php?rest_route=\/wp\/v2\/users\/1"}],"replies":[{"embeddable":true,"href":"https:\/\/bedandbreakfastdekemahuis.nl\/index.php?rest_route=%2Fwp%2Fv2%2Fcomments&post=333"}],"version-history":[{"count":5,"href":"https:\/\/bedandbreakfastdekemahuis.nl\/index.php?rest_route=\/wp\/v2\/pages\/333\/revisions"}],"predecessor-version":[{"id":402,"href":"https:\/\/bedandbreakfastdekemahuis.nl\/index.php?rest_route=\/wp\/v2\/pages\/333\/revisions\/402"}],"wp:attachment":[{"href":"https:\/\/bedandbreakfastdekemahuis.nl\/index.php?rest_route=%2Fwp%2Fv2%2Fmedia&parent=333"}],"curies":[{"name":"wp","href":"https:\/\/api.w.org\/{rel}","templated":true}]}}