{"id":342,"date":"2020-06-09T19:40:12","date_gmt":"2020-06-09T19:40:12","guid":{"rendered":"http:\/\/bedandbreakfastdekemahuis.nl\/?page_id=342"},"modified":"2020-07-07T19:33:36","modified_gmt":"2020-07-07T19:33:36","slug":"franeker-umgebung","status":"publish","type":"page","link":"https:\/\/bedandbreakfastdekemahuis.nl\/?page_id=342&lang=de","title":{"rendered":"Franeker &#038; Umgebung"},"content":{"rendered":"\n<h2 class=\"wp-block-heading\">Franeker ist eine Stadt voller Geschichten<\/h2>\n\n\n\n<p>Beide F\u00fc\u00dfe im friesischen Ton und gleichzeitig verbunden mit der Gr\u00f6\u00dfe unseres Sonnensystems, wie Eise Eisinga mit seinem weltber\u00fchmten Planetarium greifbar machte. Als Star der friesischen elf St\u00e4dte bietet die ehemalige Universit\u00e4tsstadt Franeker alles, was ein Mensch zur Entspannung, Reflexion und Inspiration braucht: Gastfreundschaft, Charakter, Raum und eine t\u00e4gliche Portion wenig Gl\u00fcck. Wie kannst du das finden? Franeker ist eine Stadt voller Geschichten, die zum Leben erweckt wird, wenn Sie schauen, zuh\u00f6ren, schmecken und offen f\u00fcr Treffen sind\u2026<\/p>\n\n\n\n<p>Es ist die Kombination aus historischem Erbe, st\u00e4dtischen Freuden und der Weite der umliegenden Landschaft, die Franeker einzigartig macht. Die Wahrnehmung von Zeit und Aufmerksamkeit ist hier unterschiedlich. Gr\u00fc\u00dfe auf der Stra\u00dfe, Bummeln in attraktiven Einkaufsstra\u00dfen, Radfahren, Segeln oder Gehen in Richtung Horizont im freien Raum des Fryske l\u00e2n, Erkundung von Museen und nat\u00fcrlich Beleuchtung eines Ortes, an dem man einen Snack und ein Getr\u00e4nk genie\u00dfen kann.<\/p>\n\n\n\n<figure class=\"wp-block-embed-youtube wp-block-embed is-type-video is-provider-youtube wp-embed-aspect-16-9 wp-has-aspect-ratio\"><div class=\"wp-block-embed__wrapper\">\n<iframe loading=\"lazy\" title=\"Franeker, Ster van de elf steden.\" width=\"900\" height=\"506\" src=\"https:\/\/www.youtube.com\/embed\/ihpwwPsD7eI?feature=oembed\" frameborder=\"0\" allow=\"accelerometer; autoplay; encrypted-media; gyroscope; picture-in-picture\" allowfullscreen><\/iframe>\n<\/div><\/figure>\n\n\n\n<p><strong>Sehensw\u00fbdigigkeiten<\/strong><br>&#8211; <a rel=\"noreferrer noopener\" href=\"https:\/\/www.planetarium-friesland.nl\/\" target=\"_blank\">Koninklijk Planetarium<\/a> &#8211; Das \u00e4lteste funktionierende Planetarium der Welt<br>&#8211; <a rel=\"noreferrer noopener\" href=\"https:\/\/www.museummartena.nl\/\" target=\"_blank\">Martena Museum<\/a> mit Garten &#8211; Stadtmuseum<br>&#8211; <a rel=\"noreferrer noopener\" href=\"https:\/\/coopmanshus.nl\/\" target=\"_blank\">Museum &#8217;t Coopmansh\u00fbs<\/a><br>&#8211; <a rel=\"noreferrer noopener\" href=\"https:\/\/www.keatsmuseum.frl\/?gclid=EAIaIQobChMI3NzJqouH6gIVA8qyCh3j_Q7_EAAYASAAEgI9efD_BwE\" target=\"_blank\">Keats Museum<\/a> &#8211; \u00fcber den weltber\u00fchmten friesischen Sport<br>&#8211; <a rel=\"noreferrer noopener\" href=\"https:\/\/www.pc-franeker.nl\/index.php\/it-sjukelan\" target=\"_blank\">Sj\u00fbkel\u00e2n<\/a><br>&#8211; <a rel=\"noreferrer noopener\" href=\"https:\/\/www.statenstinzen.nl\/staten-en-stinzen\/klein-botnia\/\" target=\"_blank\">Klein Botnia<\/a> <br>&#8211; <a rel=\"noreferrer noopener\" href=\"https:\/\/www.korendragershuisje.nl\/\" target=\"_blank\">Korendragershuisje<\/a> <br>&#8211; <a rel=\"noreferrer noopener\" href=\"https:\/\/www.franeker.frl\/beleef\/stadhuis\/\" target=\"_blank\">Rathaus<\/a><br>&#8211; <a rel=\"noreferrer noopener\" href=\"https:\/\/www.franeker.frl\/beleef\/martinikerk\/\" target=\"_blank\">Martinikerk<\/a><br>&#8211; <a rel=\"noreferrer noopener\" href=\"https:\/\/historischcentrumfraneker.nl\/\" target=\"_blank\">Historisches Zentrum Franeker<\/a><br>&#8211; <a rel=\"noreferrer noopener\" href=\"https:\/\/11fountains.nl\/fonteinen\/de-oortwolk-fontein-jean-michel-othoniel\/\" target=\"_blank\">Oortwolk Brunnen<\/a><br>&#8211; <a rel=\"noreferrer noopener\" href=\"https:\/\/www.franeker.frl\/beleef\/hofjewesterhuis\/\" target=\"_blank\">Hofje Westerhuis Vrouwengasthuis<\/a><br>&#8211; Bolwerk kerkje <a rel=\"noreferrer noopener\" href=\"https:\/\/demouterijfraneker.nl\/\" target=\"_blank\">&#8220;De Mouterij&#8221;<\/a><br>&#8211; Geuzengat<br>&#8211; Ausstellung <a rel=\"noreferrer noopener\" href=\"https:\/\/www.kunstkamerfraneker.nl\/\" target=\"_blank\">KunstKamer<\/a> Franeker<br>&#8211; <a rel=\"noreferrer noopener\" href=\"http:\/\/www.stadsgidsenfraneker.nl\/\" target=\"_blank\">Stadtrundg\u00e4nge<\/a><\/p>\n\n\n\n<p>Wie es sich f\u00fcr eine Charakterstadt geh\u00f6rt, belebt Franeker den inneren Menschen auf gastfreundliche Weise. Die Speisekarte bietet f\u00fcr jeden etwas, von leckeren Adressen zum Mittagessen und leckeren (gem\u00fctlichen) Restaurants bis hin zu speziellen Teeg\u00e4rten und gem\u00fctlichen Restaurants. Ein Gespr\u00e4ch ist mindestens so wichtig wie ein Bier, denn urbane Freuden kommen in einer pers\u00f6nlichen Atmosph\u00e4re zur Geltung.<\/p>\n\n\n\n<p><strong>Essen und trinken im Franeker<\/strong><br>&#8211; <a rel=\"noreferrer noopener\" href=\"https:\/\/www.dedoelen-franeker.nl\/\" target=\"_blank\">Grand Cafe De Doelen<\/a><br>&#8211; <a rel=\"noreferrer noopener\" href=\"https:\/\/www.poortvanfraneker.nl\/\" target=\"_blank\">Poort van Franeker<\/a><br>&#8211; <a rel=\"noreferrer noopener\" href=\"https:\/\/www.stadsherbergfraneker.nl\/\" target=\"_blank\">De Stadsherberg<\/a><br>&#8211; <a rel=\"noreferrer noopener\" href=\"https:\/\/www.degrillerije.nl\/\" target=\"_blank\">De Grillerije<\/a><br>&#8211; <a rel=\"noreferrer noopener\" href=\"https:\/\/restauranttoscanini.nl\/\" target=\"_blank\">Pizzeria Toscanini<\/a><br>&#8211; <a rel=\"noreferrer noopener\" href=\"https:\/\/www.antonello.nl\/\" target=\"_blank\">Pizzeria Antonello<\/a><br>&#8211; <a rel=\"noreferrer noopener\" href=\"https:\/\/www.cheungkwong.nl\/\" target=\"_blank\">Chinees restaurant Cheung Kwong<\/a><br>&#8211; <a rel=\"noreferrer noopener\" href=\"https:\/\/www.baolong.nl\/\" target=\"_blank\">Chinees Indisch restaurant Baolong<\/a><br>&#8211; <a rel=\"noreferrer noopener\" href=\"https:\/\/elpastel.nl\/\" target=\"_blank\">El Pastel<\/a><br>&#8211; <a rel=\"noreferrer noopener\" href=\"https:\/\/www.wereldrestaurantdevalk.nl\/\" target=\"_blank\">Wereldrestaurant De Valk<\/a><br>&#8211; <a rel=\"noreferrer noopener\" href=\"https:\/\/desmaakmakerfraneker.com\/\" target=\"_blank\">De smaakmaker<\/a><br>&#8211; <a rel=\"noreferrer noopener\" href=\"https:\/\/www.restaurantbloemketerp.nl\/\" target=\"_blank\">Bloemketerp<\/a><br>&#8211; <a rel=\"noreferrer noopener\" href=\"https:\/\/www.brasseriedestadstuin.nl\/\" target=\"_blank\">Brasserie De Stadstuin<\/a><br>&#8211; <a rel=\"noreferrer noopener\" href=\"https:\/\/www.martensvis.nl\/\" target=\"_blank\">Martens Fish and Chips<\/a><br>&#8211; Diverse cafetaria&#8217;s (De Bikker, PePe, Frolich, &#8217;t Park)<br>&#8211; Memo&#8217;s Doner<br>&#8211; Puur IJs<br>&#8211; <a rel=\"noreferrer noopener\" href=\"https:\/\/www.facebook.com\/tapperijtnoord.franeker\/\" target=\"_blank\">Tapperij &#8217;t Noord<\/a><br>&#8211; <a rel=\"noreferrer noopener\" href=\"https:\/\/coco-nuts.nl\/\" target=\"_blank\">Coco Nuts<\/a><br>&#8211; <a rel=\"noreferrer noopener\" href=\"https:\/\/www.stadscafedenotaris.nl\/\" target=\"_blank\">Stadscaf\u00e9 de Notaris<\/a><br>&#8211; <a rel=\"noreferrer noopener\" href=\"https:\/\/www.facebook.com\/CafeDeKleineBeurs\/\" target=\"_blank\">Caf\u00e9 De Kleine Beurs<\/a><br>&#8211; <a rel=\"noreferrer noopener\" href=\"https:\/\/debogt.nl\/site\/\" target=\"_blank\">Bogt fen Gune<\/a> &#8211; Oudste studentencaf\u00e9 van Nederland<\/p>\n\n\n\n<p>Franeker kennt auch seine Ereignisse. In Franeker gibt es fast jeden Monat etwas zu tun. Aktuelle Daten siehe: <a rel=\"noreferrer noopener\" href=\"https:\/\/www.franeker.frl\/evenementen\/\" target=\"_blank\">Franeker Ster van de Elfsteden<\/a>.<\/p>\n\n\n\n<p><strong>Ereignissen:<\/strong><br>&#8211; <a rel=\"noreferrer noopener\" href=\"https:\/\/www.franeker.frl\/fashionweekend\/\" target=\"_blank\">Fashionweekend <\/a>&#8211; april<br>&#8211; <a rel=\"noreferrer noopener\" href=\"https:\/\/www.franekeroldiesfestival.nl\/\" target=\"_blank\">Franeker Oldies Festival<\/a> &#8211; mei<br>&#8211; Academische Dagen &#8211; juni<br>&#8211; <a rel=\"noreferrer noopener\" href=\"https:\/\/www.hjoedynitpark.nl\/\" target=\"_blank\">Hjoed in &#8217;t Park<\/a> &#8211; muziekfestival &#8211; juni<br>&#8211; <a rel=\"noreferrer noopener\" href=\"https:\/\/www.pc-franeker.nl\/index.php\/history\" target=\"_blank\">PC Franeker<\/a> &#8211; juli &#8211; de oudste jaarlijkse sportklassieker van Nederland \u00e8n de grootste kaatspartij ter wereld.<br>&#8211; <a rel=\"noreferrer noopener\" href=\"https:\/\/www.openmonumentendag.nl\/comite\/waadhoeke\/\" target=\"_blank\">Open monumenten dag <\/a>&#8211; september<br>&#8211; <a rel=\"noreferrer noopener\" href=\"https:\/\/www.agrarischedagen.nl\/\" target=\"_blank\">Agrarische Dagen<\/a> &#8211; september<br>&#8211; <a rel=\"noreferrer noopener\" href=\"https:\/\/www.franeker.frl\/nachtvandenacht\/\" target=\"_blank\">Nacht van de Nacht<\/a> &#8211; oktober<br>&#8211; <a rel=\"noreferrer noopener\" href=\"https:\/\/kamermuziekfestivalfraneker.nl\/\" target=\"_blank\">Kamer Muziekfestival <\/a>&#8211; november<br>&#8211; <a rel=\"noreferrer noopener\" href=\"https:\/\/www.franeker.frl\/midwinterjun\/\" target=\"_blank\">Midwinterj\u00fbn <\/a>&#8211; december<br>&#8211; <a rel=\"noreferrer noopener\" href=\"https:\/\/www.franeker.frl\/kryst\/\" target=\"_blank\">Kryst yn Frjentsjer <\/a>&#8211; december<\/p>\n\n\n\n<p><strong>Aktivit\u00e4ten in der Umgebung:<\/strong><br>&#8211; <a rel=\"noreferrer noopener\" href=\"https:\/\/www.friesmuseum.nl\/\" target=\"_blank\">Het Fries Museum<\/a>\u00a0im Leeuwarden<br>&#8211; <a rel=\"noreferrer noopener\" href=\"https:\/\/natuurmuseumfryslan.nl\/agenda\/?gclid=EAIaIQobChMI0euXjJGH6gIVzRoYCh2tRQrREAAYASAAEgKhefD_BwE\" target=\"_blank\">Natuurmuseum Frysl\u00e2n<\/a> mn Leeuwarden<br>&#8211; <a rel=\"noreferrer noopener\" href=\"https:\/\/www.princessehof.nl\/?gclid=EAIaIQobChMIvYLZqZGH6gIVh6gYCh0UnAVGEAAYAiAAEgIEhfD_BwE\" target=\"_blank\">Keramiek museum<\/a> im Leeuwarden<br>&#8211; <a rel=\"noreferrer noopener\" href=\"https:\/\/www.aquazoo.nl\/\" target=\"_blank\">Aqua Zoo<\/a>\u00a0im Leeuwarden<br>&#8211; <a rel=\"noreferrer noopener\" href=\"https:\/\/www.sonnema.nl\/over-sonnema\/op-bezoek-bij-sonnema\/\" target=\"_blank\">Bezoekerscentrum<\/a> Sonnema Beerenburg im Bolsward<br>&#8211; <a rel=\"noreferrer noopener\" href=\"https:\/\/www.usheit.com\/\" target=\"_blank\">Us Heit<\/a>, de Friesche Bierbrouwerij miet biermuseum im Bolsward<br>&#8211; Het <a rel=\"noreferrer noopener\" href=\"https:\/\/www.spoorwegmuseum.nl\/?gclid=EAIaIQobChMI-oqWo5KH6gIVAqsYCh2X4AXrEAAYASAAEgLWU_D_BwE\" target=\"_blank\">Nationaal Modelspoor Museum<\/a> im Sneek<br>&#8211; <a rel=\"noreferrer noopener\" href=\"https:\/\/poptaslot.nl\/\" target=\"_blank\">Poptaslot<\/a>\u00a0im Marssum<br>&#8211; <a rel=\"noreferrer noopener\" href=\"https:\/\/www.dekemastate.nl\/\" target=\"_blank\">Dekema State<\/a> im Jelsum<br>&#8211; Denkmal f\u00fcr elf St\u00e4dte im Giekerk<br>&#8211; Harlingen &#8211; sch\u00f6ne Hafenstadt<br>&#8211; Ein Tagesausflug zu den Watteninseln<\/p>\n\n\n\n<p><\/p>\n","protected":false},"excerpt":{"rendered":"<p>Franeker ist eine Stadt voller Geschichten Beide F\u00fc\u00dfe im friesischen Ton und gleichzeitig verbunden mit der Gr\u00f6\u00dfe unseres Sonnensystems, wie Eise Eisinga mit seinem weltber\u00fchmten Planetarium greifbar machte. Als Star der friesischen elf St\u00e4dte bietet die ehemalige Universit\u00e4tsstadt Franeker alles, was ein Mensch zur Entspannung, Reflexion und Inspiration braucht: Gastfreundschaft, Charakter, Raum und eine t\u00e4gliche [&hellip;]<\/p>\n","protected":false},"author":1,"featured_media":0,"parent":0,"menu_order":4,"comment_status":"closed","ping_status":"closed","template":"","meta":{"footnotes":""},"class_list":["post-342","page","type-page","status-publish","hentry"],"yoast_head":"<!-- This site is optimized with the Yoast SEO plugin v27.5 - https:\/\/yoast.com\/product\/yoast-seo-wordpress\/ -->\n<title>Franeker &amp; Umgebung - Bed and Breakfast Dekemahuis<\/title>\n<meta name=\"robots\" content=\"index, follow, max-snippet:-1, max-image-preview:large, max-video-preview:-1\" \/>\n<link rel=\"canonical\" href=\"https:\/\/bedandbreakfastdekemahuis.nl\/?page_id=342&lang=de\" \/>\n<meta property=\"og:locale\" content=\"nl_NL\" \/>\n<meta property=\"og:type\" content=\"article\" \/>\n<meta property=\"og:title\" content=\"Franeker &amp; Umgebung - Bed and Breakfast Dekemahuis\" \/>\n<meta property=\"og:description\" content=\"Franeker ist eine Stadt voller Geschichten Beide F\u00fc\u00dfe im friesischen Ton und gleichzeitig verbunden mit der Gr\u00f6\u00dfe unseres Sonnensystems, wie Eise Eisinga mit seinem weltber\u00fchmten Planetarium greifbar machte. Als Star der friesischen elf St\u00e4dte bietet die ehemalige Universit\u00e4tsstadt Franeker alles, was ein Mensch zur Entspannung, Reflexion und Inspiration braucht: Gastfreundschaft, Charakter, Raum und eine t\u00e4gliche [&hellip;]\" \/>\n<meta property=\"og:url\" content=\"https:\/\/bedandbreakfastdekemahuis.nl\/?page_id=342&amp;lang=de\" \/>\n<meta property=\"og:site_name\" content=\"Bed and Breakfast Dekemahuis\" \/>\n<meta property=\"article:publisher\" content=\"https:\/\/www.facebook.com\/Bed-and-Breakfast-Dekemahuis-100113801740109\/?ref=nf&amp;amp%3bamp%3bamp%3bhc_ref=ARRSiNTYTanH7JfdS9gjyJaWbj_YzmxISSiUXAHn684rWyem9xiow0GBEohp1vGiymQ\" \/>\n<meta property=\"article:modified_time\" content=\"2020-07-07T19:33:36+00:00\" \/>\n<meta name=\"twitter:card\" content=\"summary_large_image\" \/>\n<meta name=\"twitter:label1\" content=\"Geschatte leestijd\" \/>\n\t<meta name=\"twitter:data1\" content=\"3 minuten\" \/>\n<script type=\"application\/ld+json\" class=\"yoast-schema-graph\">{\"@context\":\"https:\\\/\\\/schema.org\",\"@graph\":[{\"@type\":\"WebPage\",\"@id\":\"https:\\\/\\\/bedandbreakfastdekemahuis.nl\\\/?page_id=342&lang=de\",\"url\":\"https:\\\/\\\/bedandbreakfastdekemahuis.nl\\\/?page_id=342&lang=de\",\"name\":\"Franeker & Umgebung - Bed and Breakfast Dekemahuis\",\"isPartOf\":{\"@id\":\"https:\\\/\\\/bedandbreakfastdekemahuis.nl\\\/#website\"},\"datePublished\":\"2020-06-09T19:40:12+00:00\",\"dateModified\":\"2020-07-07T19:33:36+00:00\",\"breadcrumb\":{\"@id\":\"https:\\\/\\\/bedandbreakfastdekemahuis.nl\\\/?page_id=342&lang=de#breadcrumb\"},\"inLanguage\":\"nl-NL\",\"potentialAction\":[{\"@type\":\"ReadAction\",\"target\":[\"https:\\\/\\\/bedandbreakfastdekemahuis.nl\\\/?page_id=342&lang=de\"]}]},{\"@type\":\"BreadcrumbList\",\"@id\":\"https:\\\/\\\/bedandbreakfastdekemahuis.nl\\\/?page_id=342&lang=de#breadcrumb\",\"itemListElement\":[{\"@type\":\"ListItem\",\"position\":1,\"name\":\"Home\",\"item\":\"https:\\\/\\\/bedandbreakfastdekemahuis.nl\\\/\"},{\"@type\":\"ListItem\",\"position\":2,\"name\":\"Franeker &#038; Umgebung\"}]},{\"@type\":\"WebSite\",\"@id\":\"https:\\\/\\\/bedandbreakfastdekemahuis.nl\\\/#website\",\"url\":\"https:\\\/\\\/bedandbreakfastdekemahuis.nl\\\/\",\"name\":\"Bed and Breakfast Dekemahuis\",\"description\":\"Een oase in het hartje van de stad\",\"publisher\":{\"@id\":\"https:\\\/\\\/bedandbreakfastdekemahuis.nl\\\/#organization\"},\"potentialAction\":[{\"@type\":\"SearchAction\",\"target\":{\"@type\":\"EntryPoint\",\"urlTemplate\":\"https:\\\/\\\/bedandbreakfastdekemahuis.nl\\\/?s={search_term_string}\"},\"query-input\":{\"@type\":\"PropertyValueSpecification\",\"valueRequired\":true,\"valueName\":\"search_term_string\"}}],\"inLanguage\":\"nl-NL\"},{\"@type\":\"Organization\",\"@id\":\"https:\\\/\\\/bedandbreakfastdekemahuis.nl\\\/#organization\",\"name\":\"Bed And Breakfast Dekemahuis\",\"url\":\"https:\\\/\\\/bedandbreakfastdekemahuis.nl\\\/\",\"logo\":{\"@type\":\"ImageObject\",\"inLanguage\":\"nl-NL\",\"@id\":\"https:\\\/\\\/bedandbreakfastdekemahuis.nl\\\/#\\\/schema\\\/logo\\\/image\\\/\",\"url\":\"https:\\\/\\\/bedandbreakfastdekemahuis.nl\\\/wp-content\\\/uploads\\\/2020\\\/06\\\/Hero-Image.def_.zonder-adres.gif\",\"contentUrl\":\"https:\\\/\\\/bedandbreakfastdekemahuis.nl\\\/wp-content\\\/uploads\\\/2020\\\/06\\\/Hero-Image.def_.zonder-adres.gif\",\"width\":2400,\"height\":798,\"caption\":\"Bed And Breakfast Dekemahuis\"},\"image\":{\"@id\":\"https:\\\/\\\/bedandbreakfastdekemahuis.nl\\\/#\\\/schema\\\/logo\\\/image\\\/\"},\"sameAs\":[\"https:\\\/\\\/www.facebook.com\\\/Bed-and-Breakfast-Dekemahuis-100113801740109\\\/?ref=nf&amp;amp;amp;hc_ref=ARRSiNTYTanH7JfdS9gjyJaWbj_YzmxISSiUXAHn684rWyem9xiow0GBEohp1vGiymQ\"]}]}<\/script>\n<!-- \/ Yoast SEO plugin. -->","yoast_head_json":{"title":"Franeker & Umgebung - Bed and Breakfast Dekemahuis","robots":{"index":"index","follow":"follow","max-snippet":"max-snippet:-1","max-image-preview":"max-image-preview:large","max-video-preview":"max-video-preview:-1"},"canonical":"https:\/\/bedandbreakfastdekemahuis.nl\/?page_id=342&lang=de","og_locale":"nl_NL","og_type":"article","og_title":"Franeker & Umgebung - Bed and Breakfast Dekemahuis","og_description":"Franeker ist eine Stadt voller Geschichten Beide F\u00fc\u00dfe im friesischen Ton und gleichzeitig verbunden mit der Gr\u00f6\u00dfe unseres Sonnensystems, wie Eise Eisinga mit seinem weltber\u00fchmten Planetarium greifbar machte. Als Star der friesischen elf St\u00e4dte bietet die ehemalige Universit\u00e4tsstadt Franeker alles, was ein Mensch zur Entspannung, Reflexion und Inspiration braucht: Gastfreundschaft, Charakter, Raum und eine t\u00e4gliche [&hellip;]","og_url":"https:\/\/bedandbreakfastdekemahuis.nl\/?page_id=342&lang=de","og_site_name":"Bed and Breakfast Dekemahuis","article_publisher":"https:\/\/www.facebook.com\/Bed-and-Breakfast-Dekemahuis-100113801740109\/?ref=nf&amp%3bamp%3bamp%3bhc_ref=ARRSiNTYTanH7JfdS9gjyJaWbj_YzmxISSiUXAHn684rWyem9xiow0GBEohp1vGiymQ","article_modified_time":"2020-07-07T19:33:36+00:00","twitter_card":"summary_large_image","twitter_misc":{"Geschatte leestijd":"3 minuten"},"schema":{"@context":"https:\/\/schema.org","@graph":[{"@type":"WebPage","@id":"https:\/\/bedandbreakfastdekemahuis.nl\/?page_id=342&lang=de","url":"https:\/\/bedandbreakfastdekemahuis.nl\/?page_id=342&lang=de","name":"Franeker & Umgebung - Bed and Breakfast Dekemahuis","isPartOf":{"@id":"https:\/\/bedandbreakfastdekemahuis.nl\/#website"},"datePublished":"2020-06-09T19:40:12+00:00","dateModified":"2020-07-07T19:33:36+00:00","breadcrumb":{"@id":"https:\/\/bedandbreakfastdekemahuis.nl\/?page_id=342&lang=de#breadcrumb"},"inLanguage":"nl-NL","potentialAction":[{"@type":"ReadAction","target":["https:\/\/bedandbreakfastdekemahuis.nl\/?page_id=342&lang=de"]}]},{"@type":"BreadcrumbList","@id":"https:\/\/bedandbreakfastdekemahuis.nl\/?page_id=342&lang=de#breadcrumb","itemListElement":[{"@type":"ListItem","position":1,"name":"Home","item":"https:\/\/bedandbreakfastdekemahuis.nl\/"},{"@type":"ListItem","position":2,"name":"Franeker &#038; Umgebung"}]},{"@type":"WebSite","@id":"https:\/\/bedandbreakfastdekemahuis.nl\/#website","url":"https:\/\/bedandbreakfastdekemahuis.nl\/","name":"Bed and Breakfast Dekemahuis","description":"Een oase in het hartje van de stad","publisher":{"@id":"https:\/\/bedandbreakfastdekemahuis.nl\/#organization"},"potentialAction":[{"@type":"SearchAction","target":{"@type":"EntryPoint","urlTemplate":"https:\/\/bedandbreakfastdekemahuis.nl\/?s={search_term_string}"},"query-input":{"@type":"PropertyValueSpecification","valueRequired":true,"valueName":"search_term_string"}}],"inLanguage":"nl-NL"},{"@type":"Organization","@id":"https:\/\/bedandbreakfastdekemahuis.nl\/#organization","name":"Bed And Breakfast Dekemahuis","url":"https:\/\/bedandbreakfastdekemahuis.nl\/","logo":{"@type":"ImageObject","inLanguage":"nl-NL","@id":"https:\/\/bedandbreakfastdekemahuis.nl\/#\/schema\/logo\/image\/","url":"https:\/\/bedandbreakfastdekemahuis.nl\/wp-content\/uploads\/2020\/06\/Hero-Image.def_.zonder-adres.gif","contentUrl":"https:\/\/bedandbreakfastdekemahuis.nl\/wp-content\/uploads\/2020\/06\/Hero-Image.def_.zonder-adres.gif","width":2400,"height":798,"caption":"Bed And Breakfast Dekemahuis"},"image":{"@id":"https:\/\/bedandbreakfastdekemahuis.nl\/#\/schema\/logo\/image\/"},"sameAs":["https:\/\/www.facebook.com\/Bed-and-Breakfast-Dekemahuis-100113801740109\/?ref=nf&amp;amp;amp;hc_ref=ARRSiNTYTanH7JfdS9gjyJaWbj_YzmxISSiUXAHn684rWyem9xiow0GBEohp1vGiymQ"]}]}},"_links":{"self":[{"href":"https:\/\/bedandbreakfastdekemahuis.nl\/index.php?rest_route=\/wp\/v2\/pages\/342","targetHints":{"allow":["GET"]}}],"collection":[{"href":"https:\/\/bedandbreakfastdekemahuis.nl\/index.php?rest_route=\/wp\/v2\/pages"}],"about":[{"href":"https:\/\/bedandbreakfastdekemahuis.nl\/index.php?rest_route=\/wp\/v2\/types\/page"}],"author":[{"embeddable":true,"href":"https:\/\/bedandbreakfastdekemahuis.nl\/index.php?rest_route=\/wp\/v2\/users\/1"}],"replies":[{"embeddable":true,"href":"https:\/\/bedandbreakfastdekemahuis.nl\/index.php?rest_route=%2Fwp%2Fv2%2Fcomments&post=342"}],"version-history":[{"count":4,"href":"https:\/\/bedandbreakfastdekemahuis.nl\/index.php?rest_route=\/wp\/v2\/pages\/342\/revisions"}],"predecessor-version":[{"id":503,"href":"https:\/\/bedandbreakfastdekemahuis.nl\/index.php?rest_route=\/wp\/v2\/pages\/342\/revisions\/503"}],"wp:attachment":[{"href":"https:\/\/bedandbreakfastdekemahuis.nl\/index.php?rest_route=%2Fwp%2Fv2%2Fmedia&parent=342"}],"curies":[{"name":"wp","href":"https:\/\/api.w.org\/{rel}","templated":true}]}}